{"id":311,"date":"2023-05-17T16:27:40","date_gmt":"2023-05-17T16:27:40","guid":{"rendered":"https:\/\/opasrache.de\/?page_id=311"},"modified":"2024-11-10T11:48:58","modified_gmt":"2024-11-10T10:48:58","slug":"grand-pas-revenge","status":"publish","type":"page","link":"https:\/\/opasrache.de\/","title":{"rendered":"Grand Pa&#8217;s Revenge"},"content":{"rendered":"\n<div class=\"wp-block-columns is-layout-flex wp-container-core-columns-is-layout-9d6595d7 wp-block-columns-is-layout-flex\">\n<div class=\"wp-block-column is-layout-flow wp-block-column-is-layout-flow\" style=\"flex-basis:100%\">\n<h3 class=\"wp-block-heading has-text-align-left\"><marquee>N\u00e4chster Termin: leider unwahrscheinlich<\/marquee> <marquee> <\/marquee><\/h3>\n<\/div>\n<\/div>\n\n\n\n<figure class=\"wp-block-image size-full is-resized\"><img loading=\"lazy\" decoding=\"async\" src=\"https:\/\/opasrache.de\/wp-content\/uploads\/2022\/12\/duett.gif\" alt=\"\" class=\"wp-image-194\" width=\"770\" height=\"497\"\/><\/figure>\n\n\n\n<h2 class=\"wp-block-heading has-text-align-center\">2 Gitarren &#8211; eine Haltung<\/h2>\n\n\n\n<p>Nach einem langen, beschwerlichen, aufreibenden, auch punktuell begl\u00fcckenden Berufsleben haben wir nun endlich beide die Zeit, uns mit dem zu befassen, was uns am Herzen liegt.<\/p>\n\n\n\n<p>Lange schon war es uns beiden wichtig, mit unserer Musik etwas auszusagen, die aktuellen K\u00e4mpfe und Geschehnisse zu kommentieren und unsere Haltung dazu deutlich zu machen &#8211; sei es die Pandemie (&#8222;Jason ist tot&#8220;), die Mieterbewegung am Kottbusser Tor (&#8222;Kotti Gecekondu&#8220;), die Flucht- und Migrationsbewegungen (&#8222;Wirtschaftsfl\u00fcchtling&#8220;), die Gentrifizierung ganzer Viertel (&#8222;Die Ballade von der vermeidbaren Gentrifizierung \u2026&#8220;) und noch viele mehr.<\/p>\n\n\n\n<p>Und nicht zu vergessen: die vielen musikalischen Perlen, Edelsteine, Diamanten usw., die uns in unserem langen Leben begleitet, getr\u00f6stet, begeistert oder zum Lachen gebracht haben &#8211; sie wollen allesamt gespielt und geh\u00f6rt, wom\u00f6glich auch getanzt werden. Die meisten der Helden, die uns dieses Vergn\u00fcgen bereitet haben, sind schon nicht mehr unter uns &#8211; wir verbeugen uns in Dankbarkeit und sind uns sicher, dass sie auf Wolke 7 sitzen und und uns kichernd beobachten \u2026<\/p>\n","protected":false},"excerpt":{"rendered":"<p>N\u00e4chster Termin: leider unwahrscheinlich 2 Gitarren &#8211; eine Haltung Nach einem langen, beschwerlichen, aufreibenden, auch punktuell begl\u00fcckenden Berufsleben haben wir nun endlich beide die Zeit, uns mit dem zu befassen, was uns am Herzen liegt. Lange schon war es uns beiden wichtig, mit unserer Musik etwas auszusagen, die aktuellen K\u00e4mpfe&#8230;<\/p>\n<p class=\"continue-reading-button\"> <a class=\"continue-reading-link\" href=\"https:\/\/opasrache.de\/\">Continue reading<i class=\"crycon-right-dir\"><\/i><\/a><\/p>\n","protected":false},"author":2,"featured_media":0,"parent":0,"menu_order":0,"comment_status":"closed","ping_status":"closed","template":"","meta":{"_monsterinsights_skip_tracking":false,"_monsterinsights_sitenote_active":false,"_monsterinsights_sitenote_note":"","_monsterinsights_sitenote_category":0,"footnotes":""},"class_list":["post-311","page","type-page","status-publish","hentry"],"aioseo_notices":[],"_links":{"self":[{"href":"https:\/\/opasrache.de\/index.php?rest_route=\/wp\/v2\/pages\/311","targetHints":{"allow":["GET"]}}],"collection":[{"href":"https:\/\/opasrache.de\/index.php?rest_route=\/wp\/v2\/pages"}],"about":[{"href":"https:\/\/opasrache.de\/index.php?rest_route=\/wp\/v2\/types\/page"}],"author":[{"embeddable":true,"href":"https:\/\/opasrache.de\/index.php?rest_route=\/wp\/v2\/users\/2"}],"replies":[{"embeddable":true,"href":"https:\/\/opasrache.de\/index.php?rest_route=%2Fwp%2Fv2%2Fcomments&post=311"}],"version-history":[{"count":7,"href":"https:\/\/opasrache.de\/index.php?rest_route=\/wp\/v2\/pages\/311\/revisions"}],"predecessor-version":[{"id":452,"href":"https:\/\/opasrache.de\/index.php?rest_route=\/wp\/v2\/pages\/311\/revisions\/452"}],"wp:attachment":[{"href":"https:\/\/opasrache.de\/index.php?rest_route=%2Fwp%2Fv2%2Fmedia&parent=311"}],"curies":[{"name":"wp","href":"https:\/\/api.w.org\/{rel}","templated":true}]}}