{"id":314,"date":"2023-05-17T16:44:21","date_gmt":"2023-05-17T16:44:21","guid":{"rendered":"https:\/\/opasrache.de\/?page_id=314"},"modified":"2026-01-24T09:24:29","modified_gmt":"2026-01-24T08:24:29","slug":"impressum-2","status":"publish","type":"page","link":"https:\/\/opasrache.de\/?page_id=314","title":{"rendered":"Impressum"},"content":{"rendered":"\n<p>Diese Seite geh\u00f6rt Detlev Kretschmann und Berndt Groll.<\/p>\n\n\n\n<p>Kontaktadresse:<\/p>\n\n\n\n<p>Detlev Kretschmann<br>Dieffenbachstr. 58a<br>10967 Berlin Kreuzberg<\/p>\n\n\n\n<p>E-Mail: info@opasrache.de<\/p>\n\n\n\n<p><strong>Urheberrechte<\/strong><\/p>\n\n\n\n<p>\u00a9 GrandPa&#8217;s Revenge 2022 ff<br>Text, Bilder, Grafiken, Sound, Animationen und Videos sowie deren Anordnung auf der Webseite unterliegen dem Schutz des Urheberrechts. Der Inhalt dieser Webseite darf nicht zu kommerziellen Zwecken verbreitet, ver\u00e4ndert, kopiert oder Dritten zug\u00e4nglich gemacht werden. Wir weisen au\u00dferdem darauf hin, dass auf den Websites vorhandene Bilder teilweise dem Urheberrecht Dritter unterliegen.<\/p>\n\n\n\n<p><strong>Haftung<\/strong><\/p>\n\n\n\n<p>Diese Website wurde mit gr\u00f6\u00dftm\u00f6glicher Sorgfalt zusammengestellt. Trotzdem kann keine Gew\u00e4hr f\u00fcr die Fehlerfreiheit und Genauigkeit der enthaltenen Informationen \u00fcbernommen werden. Jegliche Haftung f\u00fcr Sch\u00e4den, die direkt oder indirekt aus der Benutzung dieser Website entstehen, wird ausgeschlossen, soweit diese nicht auf Vorsatz oder grober Fahrl\u00e4ssigkeit beruhen. Der Ausschluss der Haftung gilt ebenfalls nicht f\u00fcr Sch\u00e4den aus der Verletzung des Lebens, des K\u00f6rpers oder der Gesundheit, soweit diese auf Fahrl\u00e4ssigkeit oder Vorsatz beruhen. Sofern von dieser Website auf Internetseiten verwiesen wird, die von Dritten betrieben werden (Hyperlinks), \u00fcbernehmen wir keine Verantwortung f\u00fcr deren Inhalte.<\/p>\n\n\n\n<p><strong>Nutzungsrechte<\/strong><\/p>\n\n\n\n<p>Das in dieser Website enthaltene geistige Eigentum ist gesch\u00fctzt. Durch diese Website werden weder Lizenzen zur Nutzung des geistigen Eigentums von Grand Pa&#8217;s Revenge noch von Dritten erteilt.<\/p>\n","protected":false},"excerpt":{"rendered":"<p>Diese Seite geh\u00f6rt Detlev Kretschmann und Berndt Groll. Kontaktadresse: Detlev KretschmannDieffenbachstr. 58a10967 Berlin Kreuzberg E-Mail: info@opasrache.de Urheberrechte \u00a9 GrandPa&#8217;s Revenge 2022 ffText, Bilder, Grafiken, Sound, Animationen und Videos sowie deren Anordnung auf der Webseite unterliegen dem Schutz des Urheberrechts. Der Inhalt dieser Webseite darf nicht zu kommerziellen Zwecken verbreitet, ver\u00e4ndert,&#8230;<\/p>\n<p class=\"continue-reading-button\"> <a class=\"continue-reading-link\" href=\"https:\/\/opasrache.de\/?page_id=314\">Continue reading<i class=\"crycon-right-dir\"><\/i><\/a><\/p>\n","protected":false},"author":2,"featured_media":0,"parent":0,"menu_order":0,"comment_status":"closed","ping_status":"closed","template":"","meta":{"_monsterinsights_skip_tracking":false,"_monsterinsights_sitenote_active":false,"_monsterinsights_sitenote_note":"","_monsterinsights_sitenote_category":0,"footnotes":""},"class_list":["post-314","page","type-page","status-publish","hentry"],"aioseo_notices":[],"_links":{"self":[{"href":"https:\/\/opasrache.de\/index.php?rest_route=\/wp\/v2\/pages\/314","targetHints":{"allow":["GET"]}}],"collection":[{"href":"https:\/\/opasrache.de\/index.php?rest_route=\/wp\/v2\/pages"}],"about":[{"href":"https:\/\/opasrache.de\/index.php?rest_route=\/wp\/v2\/types\/page"}],"author":[{"embeddable":true,"href":"https:\/\/opasrache.de\/index.php?rest_route=\/wp\/v2\/users\/2"}],"replies":[{"embeddable":true,"href":"https:\/\/opasrache.de\/index.php?rest_route=%2Fwp%2Fv2%2Fcomments&post=314"}],"version-history":[{"count":2,"href":"https:\/\/opasrache.de\/index.php?rest_route=\/wp\/v2\/pages\/314\/revisions"}],"predecessor-version":[{"id":425,"href":"https:\/\/opasrache.de\/index.php?rest_route=\/wp\/v2\/pages\/314\/revisions\/425"}],"wp:attachment":[{"href":"https:\/\/opasrache.de\/index.php?rest_route=%2Fwp%2Fv2%2Fmedia&parent=314"}],"curies":[{"name":"wp","href":"https:\/\/api.w.org\/{rel}","templated":true}]}}