{"id":319,"date":"2023-05-17T21:44:06","date_gmt":"2023-05-17T21:44:06","guid":{"rendered":"https:\/\/opasrache.de\/?page_id=319"},"modified":"2023-05-17T21:44:25","modified_gmt":"2023-05-17T21:44:25","slug":"historisches","status":"publish","type":"page","link":"https:\/\/opasrache.de\/?page_id=319","title":{"rendered":"Historisches"},"content":{"rendered":"\n<p>1973:<br>Berndt und Detlev lernen sich im DGB-Haus Keithstr. kennen. Sie wollen eine Band gr\u00fcnden, die die K\u00e4mpfe der Arbeiterklasse unterst\u00fctzt. Berndt spielt Gitarre, Detlev Drums. Die Band kommt so nicht zustande. Berndt und Detlev wollen sich trotzdem nicht aus den Augen verlieren und tun dies auch.<\/p>\n\n\n\n<p>Vor 73 hatten beide in unterschiedlichen Gruppen gespielt und danach auch.<\/p>\n\n\n\n<p>Musikrichtungen<\/p>\n\n\n\n<p>Renaissancemusik, Theatermusik, Rock, Pop, Soul, Tanzmusik (Walzer, Marsch, Foxtrott), s\u00fcdamerikanische Rhythmen<\/p>\n\n\n\n<p>Die Unterst\u00fctzung von antikapitalistischen K\u00e4mpfen blieb der entscheidende Antrieb f\u00fcr unsere gemeinsamen Aktivit\u00e4ten.<\/p>\n\n\n\n<p>Doch auch die positiven Erfahrungen in anderen musikalischen Gebieten wollen wir nicht missen und integrieren sie in unsere Praxis &#8211; das hei\u00dft: Wir spielen uns quer durch unsere eigene Geschichte.<\/p>\n\n\n\n<p>Wir bieten daher Programme mit unterschiedlichen Schwerpunkten an, sowohl mehr politisch orientiert als auch eher am Tanz- und Unterhaltungswert ausgerichtet.<\/p>\n","protected":false},"excerpt":{"rendered":"<p>1973:Berndt und Detlev lernen sich im DGB-Haus Keithstr. kennen. Sie wollen eine Band gr\u00fcnden, die die K\u00e4mpfe der Arbeiterklasse unterst\u00fctzt. Berndt spielt Gitarre, Detlev Drums. Die Band kommt so nicht zustande. Berndt und Detlev wollen sich trotzdem nicht aus den Augen verlieren und tun dies auch. Vor 73 hatten beide&#8230;<\/p>\n<p class=\"continue-reading-button\"> <a class=\"continue-reading-link\" href=\"https:\/\/opasrache.de\/?page_id=319\">Continue reading<i class=\"crycon-right-dir\"><\/i><\/a><\/p>\n","protected":false},"author":2,"featured_media":0,"parent":0,"menu_order":0,"comment_status":"closed","ping_status":"closed","template":"","meta":{"_monsterinsights_skip_tracking":false,"_monsterinsights_sitenote_active":false,"_monsterinsights_sitenote_note":"","_monsterinsights_sitenote_category":0,"footnotes":""},"class_list":["post-319","page","type-page","status-publish","hentry"],"aioseo_notices":[],"_links":{"self":[{"href":"https:\/\/opasrache.de\/index.php?rest_route=\/wp\/v2\/pages\/319","targetHints":{"allow":["GET"]}}],"collection":[{"href":"https:\/\/opasrache.de\/index.php?rest_route=\/wp\/v2\/pages"}],"about":[{"href":"https:\/\/opasrache.de\/index.php?rest_route=\/wp\/v2\/types\/page"}],"author":[{"embeddable":true,"href":"https:\/\/opasrache.de\/index.php?rest_route=\/wp\/v2\/users\/2"}],"replies":[{"embeddable":true,"href":"https:\/\/opasrache.de\/index.php?rest_route=%2Fwp%2Fv2%2Fcomments&post=319"}],"version-history":[{"count":1,"href":"https:\/\/opasrache.de\/index.php?rest_route=\/wp\/v2\/pages\/319\/revisions"}],"predecessor-version":[{"id":320,"href":"https:\/\/opasrache.de\/index.php?rest_route=\/wp\/v2\/pages\/319\/revisions\/320"}],"wp:attachment":[{"href":"https:\/\/opasrache.de\/index.php?rest_route=%2Fwp%2Fv2%2Fmedia&parent=319"}],"curies":[{"name":"wp","href":"https:\/\/api.w.org\/{rel}","templated":true}]}}