{"id":339,"date":"2023-05-19T12:39:17","date_gmt":"2023-05-19T10:39:17","guid":{"rendered":"https:\/\/opasrache.de\/?page_id=339"},"modified":"2023-05-19T12:40:35","modified_gmt":"2023-05-19T10:40:35","slug":"datenschutzerklaerung","status":"publish","type":"page","link":"https:\/\/opasrache.de\/?page_id=339","title":{"rendered":"Datenschutzerkl\u00e4rung"},"content":{"rendered":"\n<h2 class=\"wp-block-heading\">Wer wir sind<\/h2>\n\n\n\n<p>Die Adresse unserer Website ist: https:\/\/opasrache.de.<\/p>\n\n\n\n<h2 class=\"wp-block-heading\">Medien<\/h2>\n\n\n\n<p>Kein Hochladen von Bilder etc. auf die Webseite. Wenn Sie Fotos, etwa eines Konzerts oder Auftritts, zur Verf\u00fcgung stellen m\u00f6chten, kontaktieren Sie uns bitte \u00fcber das Kontaktformular.<\/p>\n\n\n\n<h2 class=\"wp-block-heading\">Cookies<\/h2>\n\n\n\n<p>Wir sind bestrebt, keine Daten unserer Besucher zu erheben, zu speichern oder gar an Dritte weiter zu geben. Wir werden keine IP-Adressen, Browserdaten oder \u00e4hnliches speichern.<strong class=\"privacy-policy-tutorial\"> <\/strong><\/p>\n\n\n\n<p>Eine Ausnahme stellt die Nutzung des Kontaktformulars dar. Um Ihre Anfragen beantworten zu k\u00f6nnen, m\u00fcssen die Mail-Adressen vor\u00fcbergehend gespeichert werden. Dies geschieht durch Weiterleitung an unsere privaten Rechner und durch Speicherung auf dem Server, der unsere Webseite hostet.<br>Sie werden beim Aufruf dieses Formulars darauf hingewiesen, dass Ihre Adresse gespeichert wird, und k\u00f6nnen den Vorgang ggf. abbrechen. Wenn Sie das Formular dann benutzen, erkl\u00e4ren Sie sich mit der vor\u00fcbergehenden Speicherung einverstanden.<br>Die Speicherung wird so lange erfolgen, wie es die Bearbeitung Ihres Anliegens erfordert. Anschlie\u00dfend werden Ihre Daten gel\u00f6scht.<\/p>\n\n\n\n<h2 class=\"wp-block-heading\">Eingebettete Inhalte von anderen Websites<\/h2>\n\n\n\n<p>Beitr\u00e4ge auf dieser Website k\u00f6nnen eingebettete Inhalte beinhalten (z.&nbsp;B. Videos, Bilder, Beitr\u00e4ge etc.). Eingebettete Inhalte von anderen Websites verhalten sich exakt so, als ob der Besucher die andere Website besucht h\u00e4tte.<\/p>\n\n\n\n<p>Diese Websites k\u00f6nnen Daten \u00fcber dich sammeln, Cookies benutzen, zus\u00e4tzliche Tracking-Dienste von Dritten einbetten und deine Interaktion mit diesem eingebetteten Inhalt aufzeichnen, inklusive deiner Interaktion mit dem eingebetteten Inhalt, falls du ein Konto hast und auf dieser Website angemeldet bist. <\/p>\n\n\n\n<p>Dies liegt nicht in unserem Verantwortungsbereich. <\/p>\n\n\n\n<h2 class=\"wp-block-heading\">Mit wem wir deine Daten teilen<\/h2>\n\n\n\n<p>(\/)<\/p>\n\n\n\n<h2 class=\"wp-block-heading\">Wie lange wir deine Daten speichern<\/h2>\n\n\n\n<p>Die Einrichtung einer Kommentarfuktion ist noch unklar. <strong class=\"privacy-policy-tutorial\">(<\/strong>Wenn du einen Kommentar schreibst, wird dieser inklusive Metadaten zeitlich unbegrenzt gespeichert. Auf diese Art k\u00f6nnen wir Folgekommentare automatisch erkennen und freigeben, anstatt sie in einer Moderations-Warteschlange festzuhalten. F\u00fcr Benutzer, die sich auf unserer Website registrieren, speichern wir zus\u00e4tzlich die pers\u00f6nlichen Informationen, die sie in ihren Benutzerprofilen angeben. Alle Benutzer k\u00f6nnen jederzeit ihre pers\u00f6nlichen Informationen einsehen, ver\u00e4ndern oder l\u00f6schen (der Benutzername kann nicht ver\u00e4ndert werden). Administratoren der Website k\u00f6nnen diese Informationen ebenfalls einsehen und ver\u00e4ndern.)<\/p>\n\n\n\n<h2 class=\"wp-block-heading\">Welche Rechte du an deinen Daten hast<\/h2>\n\n\n\n<p>Die Frage, ob Mitgliedschaft in dieser Webseite m\u00f6glich sein soll, ist noch unklar. <strong class=\"privacy-policy-tutorial\">(<\/strong>Wenn du ein Konto auf dieser Website besitzt oder Kommentare geschrieben hast, kannst du einen Export deiner personenbezogenen Daten bei uns anfordern, inklusive aller Daten, die du uns mitgeteilt hast. Dar\u00fcber hinaus kannst du die L\u00f6schung aller personenbezogenen Daten, die wir von dir gespeichert haben, anfordern. Dies umfasst nicht die Daten, die wir aufgrund administrativer, rechtlicher oder sicherheitsrelevanter Notwendigkeiten aufbewahren m\u00fcssen.)<\/p>\n\n\n\n<h2 class=\"wp-block-heading\">Wohin deine Daten gesendet werden<\/h2>\n\n\n\n<p>Besucher-Kommentare k\u00f6nnten von einem automatisierten Dienst zur Spam-Erkennung untersucht werden.<\/p>\n","protected":false},"excerpt":{"rendered":"<p>Wer wir sind Die Adresse unserer Website ist: https:\/\/opasrache.de. Medien Kein Hochladen von Bilder etc. auf die Webseite. Wenn Sie Fotos, etwa eines Konzerts oder Auftritts, zur Verf\u00fcgung stellen m\u00f6chten, kontaktieren Sie uns bitte \u00fcber das Kontaktformular. Cookies Wir sind bestrebt, keine Daten unserer Besucher zu erheben, zu speichern oder&#8230;<\/p>\n<p class=\"continue-reading-button\"> <a class=\"continue-reading-link\" href=\"https:\/\/opasrache.de\/?page_id=339\">Continue reading<i class=\"crycon-right-dir\"><\/i><\/a><\/p>\n","protected":false},"author":2,"featured_media":0,"parent":0,"menu_order":0,"comment_status":"closed","ping_status":"closed","template":"","meta":{"_monsterinsights_skip_tracking":false,"_monsterinsights_sitenote_active":false,"_monsterinsights_sitenote_note":"","_monsterinsights_sitenote_category":0,"footnotes":""},"class_list":["post-339","page","type-page","status-publish","hentry"],"aioseo_notices":[],"_links":{"self":[{"href":"https:\/\/opasrache.de\/index.php?rest_route=\/wp\/v2\/pages\/339","targetHints":{"allow":["GET"]}}],"collection":[{"href":"https:\/\/opasrache.de\/index.php?rest_route=\/wp\/v2\/pages"}],"about":[{"href":"https:\/\/opasrache.de\/index.php?rest_route=\/wp\/v2\/types\/page"}],"author":[{"embeddable":true,"href":"https:\/\/opasrache.de\/index.php?rest_route=\/wp\/v2\/users\/2"}],"replies":[{"embeddable":true,"href":"https:\/\/opasrache.de\/index.php?rest_route=%2Fwp%2Fv2%2Fcomments&post=339"}],"version-history":[{"count":2,"href":"https:\/\/opasrache.de\/index.php?rest_route=\/wp\/v2\/pages\/339\/revisions"}],"predecessor-version":[{"id":343,"href":"https:\/\/opasrache.de\/index.php?rest_route=\/wp\/v2\/pages\/339\/revisions\/343"}],"wp:attachment":[{"href":"https:\/\/opasrache.de\/index.php?rest_route=%2Fwp%2Fv2%2Fmedia&parent=339"}],"curies":[{"name":"wp","href":"https:\/\/api.w.org\/{rel}","templated":true}]}}