{"id":385,"date":"2023-05-19T18:20:04","date_gmt":"2023-05-19T16:20:04","guid":{"rendered":"https:\/\/opasrache.de\/?page_id=385"},"modified":"2023-05-21T19:30:31","modified_gmt":"2023-05-21T17:30:31","slug":"kontakt","status":"publish","type":"page","link":"https:\/\/opasrache.de\/?page_id=385","title":{"rendered":"Kontakt"},"content":{"rendered":"\n<p>Lieber Besucher,<\/p>\n\n\n\n<p>wenn Sie unser Kontaktformular benutzen, erkl\u00e4ren Sie sich damit einverstanden, dass Ihre Mailadresse zun\u00e4chst gespeichert wird, damit wir Ihre Anfrage beantworten k\u00f6nnen. Ihre Daten werden gel\u00f6scht, wenn sie nicht mehr gebraucht werden. <\/p>\n\n\n\n<div class=\"wp-block-buttons is-content-justification-right is-layout-flex wp-container-core-buttons-is-layout-765c4724 wp-block-buttons-is-layout-flex\">\n<div class=\"wp-block-button\"><a class=\"wp-block-button__link wp-element-button\" href=\"https:\/\/opasrache.de\/?page_id=393\">zum Kontaktformular -&gt;<\/a><\/div>\n<\/div>\n","protected":false},"excerpt":{"rendered":"<p>Lieber Besucher, wenn Sie unser Kontaktformular benutzen, erkl\u00e4ren Sie sich damit einverstanden, dass Ihre Mailadresse zun\u00e4chst gespeichert wird, damit wir Ihre Anfrage beantworten k\u00f6nnen. Ihre Daten werden gel\u00f6scht, wenn sie nicht mehr gebraucht werden.<\/p>\n<p class=\"continue-reading-button\"> <a class=\"continue-reading-link\" href=\"https:\/\/opasrache.de\/?page_id=385\">Continue reading<i class=\"crycon-right-dir\"><\/i><\/a><\/p>\n","protected":false},"author":2,"featured_media":0,"parent":0,"menu_order":0,"comment_status":"closed","ping_status":"closed","template":"","meta":{"_monsterinsights_skip_tracking":false,"_monsterinsights_sitenote_active":false,"_monsterinsights_sitenote_note":"","_monsterinsights_sitenote_category":0,"footnotes":""},"class_list":["post-385","page","type-page","status-publish","hentry"],"aioseo_notices":[],"_links":{"self":[{"href":"https:\/\/opasrache.de\/index.php?rest_route=\/wp\/v2\/pages\/385","targetHints":{"allow":["GET"]}}],"collection":[{"href":"https:\/\/opasrache.de\/index.php?rest_route=\/wp\/v2\/pages"}],"about":[{"href":"https:\/\/opasrache.de\/index.php?rest_route=\/wp\/v2\/types\/page"}],"author":[{"embeddable":true,"href":"https:\/\/opasrache.de\/index.php?rest_route=\/wp\/v2\/users\/2"}],"replies":[{"embeddable":true,"href":"https:\/\/opasrache.de\/index.php?rest_route=%2Fwp%2Fv2%2Fcomments&post=385"}],"version-history":[{"count":7,"href":"https:\/\/opasrache.de\/index.php?rest_route=\/wp\/v2\/pages\/385\/revisions"}],"predecessor-version":[{"id":424,"href":"https:\/\/opasrache.de\/index.php?rest_route=\/wp\/v2\/pages\/385\/revisions\/424"}],"wp:attachment":[{"href":"https:\/\/opasrache.de\/index.php?rest_route=%2Fwp%2Fv2%2Fmedia&parent=385"}],"curies":[{"name":"wp","href":"https:\/\/api.w.org\/{rel}","templated":true}]}}